{"id":1126,"date":"2023-09-29T11:59:20","date_gmt":"2023-09-29T11:59:20","guid":{"rendered":"https:\/\/pixelperfect.rs\/pixelpre\/?page_id=1126"},"modified":"2023-10-05T10:50:41","modified_gmt":"2023-10-05T10:50:41","slug":"kontakt","status":"publish","type":"page","link":"https:\/\/pixelperfect.rs\/pixelpre\/kontakt\/","title":{"rendered":"Kontakt"},"content":{"rendered":"\t\t<div data-elementor-type=\"wp-page\" data-elementor-id=\"1126\" class=\"elementor elementor-1126\">\n\t\t\t\t<div class=\"elementor-element elementor-element-1bba4e0 e-con-full e-flex e-con e-parent\" data-id=\"1bba4e0\" data-element_type=\"container\" data-e-type=\"container\" data-settings=\"{&quot;background_background&quot;:&quot;classic&quot;}\">\n\t\t\t\t<div class=\"elementor-element elementor-element-d7a7fce elementor-widget elementor-widget-heading\" data-id=\"d7a7fce\" data-element_type=\"widget\" data-e-type=\"widget\" data-widget_type=\"heading.default\">\n\t\t\t\t<div class=\"elementor-widget-container\">\n\t\t\t\t\t<h1 class=\"elementor-heading-title elementor-size-default\">KONTAKT<\/h1>\t\t\t\t<\/div>\n\t\t\t\t<\/div>\n\t\t\t\t<\/div>\n\t\t<div class=\"elementor-element elementor-element-5e3b96a e-con-full e-flex e-con e-parent\" data-id=\"5e3b96a\" data-element_type=\"container\" data-e-type=\"container\" data-settings=\"{&quot;background_background&quot;:&quot;classic&quot;}\">\n\t\t<div class=\"elementor-element elementor-element-564383a e-con-full e-flex e-con e-child\" data-id=\"564383a\" data-element_type=\"container\" data-e-type=\"container\">\n\t\t\t\t<div class=\"elementor-element elementor-element-f654e32 elementor-view-default elementor-position-block-start elementor-mobile-position-block-start elementor-widget elementor-widget-icon-box\" data-id=\"f654e32\" data-element_type=\"widget\" data-e-type=\"widget\" data-widget_type=\"icon-box.default\">\n\t\t\t\t<div class=\"elementor-widget-container\">\n\t\t\t\t\t\t\t<div class=\"elementor-icon-box-wrapper\">\n\n\t\t\t\t\t\t<div class=\"elementor-icon-box-icon\">\n\t\t\t\t<span  class=\"elementor-icon\">\n\t\t\t\t<i aria-hidden=\"true\" class=\"xi xi-clock\"><\/i>\t\t\t\t<\/span>\n\t\t\t<\/div>\n\t\t\t\n\t\t\t\t\t\t<div class=\"elementor-icon-box-content\">\n\n\t\t\t\t\t\t\t\t\t<h3 class=\"elementor-icon-box-title\">\n\t\t\t\t\t\t<span  >\n\t\t\t\t\t\t\tRadno vreme\t\t\t\t\t\t<\/span>\n\t\t\t\t\t<\/h3>\n\t\t\t\t\n\t\t\t\t\t\t\t\t\t<p class=\"elementor-icon-box-description\">\n\t\t\t\t\t\tSvakog radnog dana od 08h - 16h.\n<\/br> Vikendom ne radimo\t\t\t\t\t<\/p>\n\t\t\t\t\n\t\t\t<\/div>\n\t\t\t\n\t\t<\/div>\n\t\t\t\t\t\t<\/div>\n\t\t\t\t<\/div>\n\t\t\t\t<div class=\"elementor-element elementor-element-3045dfc elementor-view-default elementor-position-block-start elementor-mobile-position-block-start elementor-widget elementor-widget-icon-box\" data-id=\"3045dfc\" data-element_type=\"widget\" data-e-type=\"widget\" data-widget_type=\"icon-box.default\">\n\t\t\t\t<div class=\"elementor-widget-container\">\n\t\t\t\t\t\t\t<div class=\"elementor-icon-box-wrapper\">\n\n\t\t\t\t\t\t<div class=\"elementor-icon-box-icon\">\n\t\t\t\t<span  class=\"elementor-icon\">\n\t\t\t\t<i aria-hidden=\"true\" class=\"xi xi-phone\"><\/i>\t\t\t\t<\/span>\n\t\t\t<\/div>\n\t\t\t\n\t\t\t\t\t\t<div class=\"elementor-icon-box-content\">\n\n\t\t\t\t\t\t\t\t\t<h3 class=\"elementor-icon-box-title\">\n\t\t\t\t\t\t<span  >\n\t\t\t\t\t\t\tTelefon\t\t\t\t\t\t<\/span>\n\t\t\t\t\t<\/h3>\n\t\t\t\t\n\t\t\t\t\t\t\t\t\t<p class=\"elementor-icon-box-description\">\n\t\t\t\t\t\t+381 (0) 63 42 32 42\t\t\t\t\t<\/p>\n\t\t\t\t\n\t\t\t<\/div>\n\t\t\t\n\t\t<\/div>\n\t\t\t\t\t\t<\/div>\n\t\t\t\t<\/div>\n\t\t\t\t<div class=\"elementor-element elementor-element-1504865 elementor-view-default elementor-position-block-start elementor-mobile-position-block-start elementor-widget elementor-widget-icon-box\" data-id=\"1504865\" data-element_type=\"widget\" data-e-type=\"widget\" data-widget_type=\"icon-box.default\">\n\t\t\t\t<div class=\"elementor-widget-container\">\n\t\t\t\t\t\t\t<div class=\"elementor-icon-box-wrapper\">\n\n\t\t\t\t\t\t<div class=\"elementor-icon-box-icon\">\n\t\t\t\t<span  class=\"elementor-icon\">\n\t\t\t\t<i aria-hidden=\"true\" class=\"xi xi-pin-location\"><\/i>\t\t\t\t<\/span>\n\t\t\t<\/div>\n\t\t\t\n\t\t\t\t\t\t<div class=\"elementor-icon-box-content\">\n\n\t\t\t\t\t\t\t\t\t<h3 class=\"elementor-icon-box-title\">\n\t\t\t\t\t\t<span  >\n\t\t\t\t\t\t\tAdresa\t\t\t\t\t\t<\/span>\n\t\t\t\t\t<\/h3>\n\t\t\t\t\n\t\t\t\t\t\t\t\t\t<p class=\"elementor-icon-box-description\">\n\t\t\t\t\t\tLeskovac, ul. Vojvode Mi\u0161i\u0107a br. 7\t\t\t\t\t<\/p>\n\t\t\t\t\n\t\t\t<\/div>\n\t\t\t\n\t\t<\/div>\n\t\t\t\t\t\t<\/div>\n\t\t\t\t<\/div>\n\t\t\t\t<div class=\"elementor-element elementor-element-1ccd5c8 elementor-view-default elementor-position-block-start elementor-mobile-position-block-start elementor-widget elementor-widget-icon-box\" data-id=\"1ccd5c8\" data-element_type=\"widget\" data-e-type=\"widget\" data-widget_type=\"icon-box.default\">\n\t\t\t\t<div class=\"elementor-widget-container\">\n\t\t\t\t\t\t\t<div class=\"elementor-icon-box-wrapper\">\n\n\t\t\t\t\t\t<div class=\"elementor-icon-box-icon\">\n\t\t\t\t<span  class=\"elementor-icon\">\n\t\t\t\t<i aria-hidden=\"true\" class=\"xi xi-credit-card\"><\/i>\t\t\t\t<\/span>\n\t\t\t<\/div>\n\t\t\t\n\t\t\t\t\t\t<div class=\"elementor-icon-box-content\">\n\n\t\t\t\t\t\t\t\t\t<h3 class=\"elementor-icon-box-title\">\n\t\t\t\t\t\t<span  >\n\t\t\t\t\t\t\tPIB i MAT. BR.\t\t\t\t\t\t<\/span>\n\t\t\t\t\t<\/h3>\n\t\t\t\t\n\t\t\t\t\t\t\t\t\t<p class=\"elementor-icon-box-description\">\n\t\t\t\t\t\tPIB: 108705851 <\/br>\nMAT. BR. 108705851\t\t\t\t\t<\/p>\n\t\t\t\t\n\t\t\t<\/div>\n\t\t\t\n\t\t<\/div>\n\t\t\t\t\t\t<\/div>\n\t\t\t\t<\/div>\n\t\t\t\t<div class=\"elementor-element elementor-element-78a9c18 elementor-view-default elementor-position-block-start elementor-mobile-position-block-start elementor-widget elementor-widget-icon-box\" data-id=\"78a9c18\" data-element_type=\"widget\" data-e-type=\"widget\" data-widget_type=\"icon-box.default\">\n\t\t\t\t<div class=\"elementor-widget-container\">\n\t\t\t\t\t\t\t<div class=\"elementor-icon-box-wrapper\">\n\n\t\t\t\t\t\t<div class=\"elementor-icon-box-icon\">\n\t\t\t\t<span  class=\"elementor-icon\">\n\t\t\t\t<i aria-hidden=\"true\" class=\"xi xi-bookmark\"><\/i>\t\t\t\t<\/span>\n\t\t\t<\/div>\n\t\t\t\n\t\t\t\t\t\t<div class=\"elementor-icon-box-content\">\n\n\t\t\t\t\t\t\t\t\t<h3 class=\"elementor-icon-box-title\">\n\t\t\t\t\t\t<span  >\n\t\t\t\t\t\t\t\u0160ifra delatnosti\t\t\t\t\t\t<\/span>\n\t\t\t\t\t<\/h3>\n\t\t\t\t\n\t\t\t\t\t\t\t\t\t<p class=\"elementor-icon-box-description\">\n\t\t\t\t\t\t7111 - Arhitektonska delatnost\t\t\t\t\t<\/p>\n\t\t\t\t\n\t\t\t<\/div>\n\t\t\t\n\t\t<\/div>\n\t\t\t\t\t\t<\/div>\n\t\t\t\t<\/div>\n\t\t\t\t<\/div>\n\t\t<div class=\"elementor-element elementor-element-406cba5 e-con-full e-flex e-con e-child\" data-id=\"406cba5\" data-element_type=\"container\" data-e-type=\"container\">\n\t\t<div class=\"elementor-element elementor-element-62ed583 e-con-full e-flex e-con e-child\" data-id=\"62ed583\" data-element_type=\"container\" data-e-type=\"container\">\n\t\t\t\t<div class=\"elementor-element elementor-element-91e8a4d elementor-widget__width-initial elementor-widget elementor-widget-heading\" data-id=\"91e8a4d\" data-element_type=\"widget\" data-e-type=\"widget\" data-widget_type=\"heading.default\">\n\t\t\t\t<div class=\"elementor-widget-container\">\n\t\t\t\t\t<h2 class=\"elementor-heading-title elementor-size-default\">Ukoliko imate pitanja, interesuje vas cena na\u0161e usluge <\/h2>\t\t\t\t<\/div>\n\t\t\t\t<\/div>\n\t\t\t\t<div class=\"elementor-element elementor-element-2b51b41 xpro-form-btn--center elementor-widget elementor-widget-wpforms\" data-id=\"2b51b41\" data-element_type=\"widget\" data-e-type=\"widget\" data-widget_type=\"wpforms.default\">\n\t\t\t\t<div class=\"elementor-widget-container\">\n\t\t\t\t\t<style id=\"wpforms-css-vars-1134\">\n\t\t\t\t#wpforms-1134 {\n\t\t\t\t\n\t\t\t}\n\t\t\t<\/style><div class=\"wpforms-container wpforms-container-full forma wpforms-render-modern\" id=\"wpforms-1134\"><form id=\"wpforms-form-1134\" class=\"wpforms-validate wpforms-form wpforms-ajax-form\" data-formid=\"1134\" method=\"post\" enctype=\"multipart\/form-data\" action=\"\/pixelpre\/wp-json\/wp\/v2\/pages\/1126\" data-token=\"1576c8561552f00dcea7926471873bbe\" data-token-time=\"1778267570\"><noscript class=\"wpforms-error-noscript\">Please enable JavaScript in your browser to complete this form.<\/noscript><div id=\"wpforms-error-noscript\" style=\"display: none;\">Please enable JavaScript in your browser to complete this form.<\/div><div class=\"wpforms-field-container\"><div id=\"wpforms-1134-field_0-container\" class=\"wpforms-field wpforms-field-name\" data-field-id=\"0\"><fieldset><legend class=\"wpforms-field-label wpforms-label-hide\" aria-hidden=\"false\">Name <span class=\"wpforms-required-label\" aria-hidden=\"true\">*<\/span><\/legend><div class=\"wpforms-field-row wpforms-field-large\"><div class=\"wpforms-field-row-block wpforms-first wpforms-one-half\"><input type=\"text\" id=\"wpforms-1134-field_0\" class=\"wpforms-field-name-first wpforms-field-required\" name=\"wpforms[fields][0][first]\" placeholder=\"Ime\" aria-errormessage=\"wpforms-1134-field_0-error\" required><label for=\"wpforms-1134-field_0\" class=\"wpforms-field-sublabel after wpforms-sublabel-hide\">First<\/label><\/div><div class=\"wpforms-field-row-block wpforms-one-half\"><input type=\"text\" id=\"wpforms-1134-field_0-last\" class=\"wpforms-field-name-last wpforms-field-required\" name=\"wpforms[fields][0][last]\" placeholder=\"Prezime\" aria-errormessage=\"wpforms-1134-field_0-last-error\" required><label for=\"wpforms-1134-field_0-last\" class=\"wpforms-field-sublabel after wpforms-sublabel-hide\">Last<\/label><\/div><\/div><\/fieldset><\/div><div id=\"wpforms-1134-field_3-container\" class=\"wpforms-field wpforms-field-number\" data-field-id=\"3\"><label class=\"wpforms-field-label wpforms-label-hide\" for=\"wpforms-1134-field_3\" aria-hidden=\"false\">Numbers <span class=\"wpforms-required-label\" aria-hidden=\"true\">*<\/span><\/label><input type=\"number\" id=\"wpforms-1134-field_3\" class=\"wpforms-field-large wpforms-field-required\" name=\"wpforms[fields][3]\" placeholder=\"Telefon\" step=\"any\" aria-errormessage=\"wpforms-1134-field_3-error\" required><\/div><div id=\"wpforms-1134-field_1-container\" class=\"wpforms-field wpforms-field-email\" data-field-id=\"1\"><label class=\"wpforms-field-label wpforms-label-hide\" for=\"wpforms-1134-field_1\" aria-hidden=\"false\">Email <span class=\"wpforms-required-label\" aria-hidden=\"true\">*<\/span><\/label><input type=\"email\" id=\"wpforms-1134-field_1\" class=\"wpforms-field-large wpforms-field-required\" name=\"wpforms[fields][1]\" placeholder=\"Email \" spellcheck=\"false\" aria-errormessage=\"wpforms-1134-field_1-error\" required><\/div><div id=\"wpforms-1134-field_2-container\" class=\"wpforms-field wpforms-field-textarea\" data-field-id=\"2\"><label class=\"wpforms-field-label wpforms-label-hide\" for=\"wpforms-1134-field_2\" aria-hidden=\"false\">Comment or Message <span class=\"wpforms-required-label\" aria-hidden=\"true\">*<\/span><\/label><textarea id=\"wpforms-1134-field_2\" class=\"wpforms-field-large wpforms-field-required\" name=\"wpforms[fields][2]\" placeholder=\"Poruka\" aria-errormessage=\"wpforms-1134-field_2-error\" required><\/textarea><\/div><\/div><!-- .wpforms-field-container --><div class=\"wpforms-submit-container\" ><input type=\"hidden\" name=\"wpforms[id]\" value=\"1134\"><input type=\"hidden\" name=\"page_title\" value=\"\"><input type=\"hidden\" name=\"page_url\" value=\"https:\/\/pixelperfect.rs\/pixelpre\/wp-json\/wp\/v2\/pages\/1126\"><input type=\"hidden\" name=\"url_referer\" value=\"\"><button type=\"submit\" name=\"wpforms[submit]\" id=\"wpforms-submit-1134\" class=\"wpforms-submit dugme\" data-alt-text=\"Slanje...\" data-submit-text=\"Po\u0161alji\" aria-live=\"assertive\" value=\"wpforms-submit\">Po\u0161alji<\/button><img decoding=\"async\" src=\"https:\/\/pixelperfect.rs\/pixelpre\/wp-content\/plugins\/wpforms-lite\/assets\/images\/submit-spin.svg\" class=\"wpforms-submit-spinner\" style=\"display: none;\" width=\"26\" height=\"26\" alt=\"Loading\"><\/div><\/form><\/div>  <!-- .wpforms-container -->\t\t\t\t<\/div>\n\t\t\t\t<\/div>\n\t\t\t\t<\/div>\n\t\t<div class=\"elementor-element elementor-element-a85bef7 e-con-full e-flex e-con e-child\" data-id=\"a85bef7\" data-element_type=\"container\" data-e-type=\"container\">\n\t\t<div class=\"elementor-element elementor-element-d808590 e-con-full e-flex e-con e-child\" data-id=\"d808590\" data-element_type=\"container\" data-e-type=\"container\">\n\t\t\t\t<div class=\"elementor-element elementor-element-cca6625 elementor-widget__width-initial elementor-widget elementor-widget-heading\" data-id=\"cca6625\" data-element_type=\"widget\" data-e-type=\"widget\" data-widget_type=\"heading.default\">\n\t\t\t\t<div class=\"elementor-widget-container\">\n\t\t\t\t\t<h2 class=\"elementor-heading-title elementor-size-default\">\u010cesto postavljana pitanja<\/h2>\t\t\t\t<\/div>\n\t\t\t\t<\/div>\n\t\t\t\t<\/div>\n\t\t\t\t<div class=\"elementor-element elementor-element-75b244d elementor-widget elementor-widget-eael-adv-accordion\" data-id=\"75b244d\" data-element_type=\"widget\" data-e-type=\"widget\" data-widget_type=\"eael-adv-accordion.default\">\n\t\t\t\t<div class=\"elementor-widget-container\">\n\t\t\t\t\t            <div class=\"eael-adv-accordion\" id=\"eael-adv-accordion-75b244d\" data-scroll-on-click=\"no\" data-scroll-speed=\"300\" data-accordion-id=\"75b244d\" data-accordion-type=\"accordion\" data-toogle-speed=\"300\">\n            <div class=\"eael-accordion-list\">\n\t\t\t\t\t<div id=\"-koja-je-cena-izrade-dokumentacije-za-graevinsku-dozvolu-za-izgradnju-nekog-objekta\" class=\"elementor-tab-title eael-accordion-header\" tabindex=\"0\" data-tab=\"1\" aria-controls=\"elementor-tab-content-1231\"><span class=\"eael-advanced-accordion-icon-closed\"><i aria-hidden=\"true\" class=\"fa-accordion-icon fas fa-plus\"><\/i><\/span><span class=\"eael-advanced-accordion-icon-opened\"><i aria-hidden=\"true\" class=\"fa-accordion-icon fas fa-minus\"><\/i><\/span><span class=\"eael-accordion-tab-title\"> Koja je cena izrade dokumentacije za gra\u0111evinsku dozvolu za izgradnju nekog objekta?<\/span><i aria-hidden=\"true\" class=\"fa-toggle fas fa-angle-right\"><\/i><\/div><div id=\"elementor-tab-content-1231\" class=\"eael-accordion-content clearfix\" data-tab=\"1\" aria-labelledby=\"-koja-je-cena-izrade-dokumentacije-za-graevinsku-dozvolu-za-izgradnju-nekog-objekta\"><p>\u00a0 \u00a0 \u00a0 \u00a0\u00a0Postupak za izradu grafi\u010dke dokumentacije, a samim tim i cena na\u0161eg anga\u017eovanja, zavisi od nekoliko faktora te nije mogu\u0107e dati precizan odgovor na Va\u0161e pitanje. U formiranju cene usluge uti\u010de vrsta postupka za koji se vr\u0161i izrada dokumentacije, namena i gabarit objekta, vreme potrebno za izradu priloga, nivo detaljnosti koji konkretan postupak zahteva, uslovljenost urbanisti\u010dkim parametrima i sl. Na\u0161a preporuka je da zaka\u017eete besplatnu konsultaciju u prostorijama na\u0161e firme ili na samoj lokaciji, gde bi u razgovoru sa na\u0161im stru\u010dnim timom sagledali sve aspekte na\u0161eg anga\u017eovanja kako bismo vam dali \u0161to ta\u010dniju procenu potrebnog vremena i cene posla.<\/p><\/div>\n\t\t\t\t\t<\/div><div class=\"eael-accordion-list\">\n\t\t\t\t\t<div id=\"elim-da-dogradim-stambenu-kuu-ta-mi-je-od-dokumentacije-potrebno\" class=\"elementor-tab-title eael-accordion-header\" tabindex=\"0\" data-tab=\"2\" aria-controls=\"elementor-tab-content-1232\"><span class=\"eael-advanced-accordion-icon-closed\"><i aria-hidden=\"true\" class=\"fa-accordion-icon fas fa-plus\"><\/i><\/span><span class=\"eael-advanced-accordion-icon-opened\"><i aria-hidden=\"true\" class=\"fa-accordion-icon fas fa-minus\"><\/i><\/span><span class=\"eael-accordion-tab-title\">\u017delim da dogradim stambenu ku\u0107u, \u0161ta mi je od dokumentacije potrebno?<\/span><i aria-hidden=\"true\" class=\"fa-toggle fas fa-angle-right\"><\/i><\/div><div id=\"elementor-tab-content-1232\" class=\"eael-accordion-content clearfix\" data-tab=\"2\" aria-labelledby=\"elim-da-dogradim-stambenu-kuu-ta-mi-je-od-dokumentacije-potrebno\"><p>\u00a0 \u00a0 \u00a0 \u00a0\u00a0Sadr\u017eaj tehni\u010dke dokumentacije za sve objekte koji su obuhva\u0107eni va\u017ee\u0107im Zakonom o planiranju i izgradnju je propisan odredbama samog Zakona o planiranju i izgradnji i Pravilnikom o sadr\u017eini, na\u010dinu i postupku izrade i na\u010dinu vr\u0161enja kontrole tehni\u010dke dokumentacije prema klasi i nameni objekta (\u201cSl. glasnik RS\u201d, br. 73\/2019). U slu\u010daju dogradnje postoje\u0107eg stambenog objekta potrebno je pribaviti lokacijske uslove sa uslovima javnih preduze\u0107a, Re\u0161enje o gra\u0111evinskoj dozvoli, a potom i izvr\u0161iti prijavu izvo\u0111enja gra\u0111evinskuh radova, prijavu zavr\u0161etka izgradnje temelja, prijavu zavt\u0161etka objekta u konstruktivnom smislu, priklju\u010denje objekta na instalacione mre\u017ee i na kraju pribaviti upotrebnu dozvolu za stambeni objekat. Svaki od navedenih koraka zahteva anga\u017eovanje vi\u0161e stru\u010dnih lica razli\u010ditih nivoa obrazovanja i izradu odre\u0111ene tehni\u010dke dokumentacije, a kod nas mo\u017eete dobiti ponudu i po sistemu klju\u010d u ruke gde bi mi sa svojim saradnicima ispratili ceo postupak. Sve navedeno podrazumeva da objekat prethodno ima re\u0161en pravni status (da je objekat izgra\u0111en pre dono\u0161enja propisa o izgradnji objekata, da ima upotrebnu dozvolu ili da je upisan po zakonu o ozakonjenju objekata), da postoji saglasnost suvlasnika na nepokretnostima i da u katastru nepokretnosti nema dodatnih ograni\u010denja.<\/p><\/div>\n\t\t\t\t\t<\/div><div class=\"eael-accordion-list\">\n\t\t\t\t\t<div id=\"da-li-mogu-da-izvrim-legalizaciju-objekta-ako-se-on-i-dalje-u-katastru-vodi-na-prethodnig-vlasnika\" class=\"elementor-tab-title eael-accordion-header\" tabindex=\"0\" data-tab=\"3\" aria-controls=\"elementor-tab-content-1233\"><span class=\"eael-advanced-accordion-icon-closed\"><i aria-hidden=\"true\" class=\"fa-accordion-icon fas fa-plus\"><\/i><\/span><span class=\"eael-advanced-accordion-icon-opened\"><i aria-hidden=\"true\" class=\"fa-accordion-icon fas fa-minus\"><\/i><\/span><span class=\"eael-accordion-tab-title\">Da li mogu da izvr\u0161im legalizaciju objekta ako se on i dalje u katastru vodi na prethodnig vlasnika?<\/span><i aria-hidden=\"true\" class=\"fa-toggle fas fa-angle-right\"><\/i><\/div><div id=\"elementor-tab-content-1233\" class=\"eael-accordion-content clearfix\" data-tab=\"3\" aria-labelledby=\"da-li-mogu-da-izvrim-legalizaciju-objekta-ako-se-on-i-dalje-u-katastru-vodi-na-prethodnig-vlasnika\"><p>\u00a0 \u00a0 \u00a0 \u00a0\u00a0Shodno Zakonu o ozakonjenju objekata (\u201cSl. glasnik RS\u201d, br. 96\/2015, 83\/2018 i 81-2020 \u2013 odluka US), ozakonjenje objekata (legalizacija), odnosno delova objekata izgradjenih bez gra\u0111evinske dozvole, odnosno odobrenja za izgradnju, vr\u0161i se kroz postupak pri organima lokalne samouprave u kome se dostavlja Izve\u0161taj o zate\u010denom stanju objekta, elaborat geodetskih radova i dokaz o vlasni\u0161tvu nad nepokretnostima. Na osnovu toga nije mogu\u0107e okon\u010dati postupak za ozakonjenje dok se ne izvr\u0161i promena u katastru nepokretnosti. Na\u0161 tim pored izrade dokumentacije pru\u017ea i pravno-savetodavne usluge, te Vam mo\u017ee pomo\u0107i u postupku prikupljanja i obrade dokumentacije, a uz odgovaraju\u0107e punomo\u0107je mo\u017ee i ceo postupak promene vlasnika obaviti bez Va\u0161eg dodatnog anga\u017eovanja.<\/p><\/div>\n\t\t\t\t\t<\/div><\/div>\t\t\t\t<\/div>\n\t\t\t\t<\/div>\n\t\t\t\t<\/div>\n\t\t\t\t<\/div>\n\t\t\t\t<\/div>\n\t\t<div class=\"elementor-element elementor-element-b27207a e-con-full e-flex e-con e-parent\" data-id=\"b27207a\" data-element_type=\"container\" data-e-type=\"container\">\n\t\t\t\t<div class=\"elementor-element elementor-element-d348109 elementor-widget elementor-widget-google_maps\" data-id=\"d348109\" data-element_type=\"widget\" data-e-type=\"widget\" data-widget_type=\"google_maps.default\">\n\t\t\t\t<div class=\"elementor-widget-container\">\n\t\t\t\t\t\t\t<div class=\"elementor-custom-embed\">\n\t\t\t<iframe loading=\"lazy\"\n\t\t\t\t\tsrc=\"https:\/\/maps.google.com\/maps?q=pixel%20perfect%20leskovac&#038;t=m&#038;z=17&#038;output=embed&#038;iwloc=near\"\n\t\t\t\t\ttitle=\"pixel perfect leskovac\"\n\t\t\t\t\taria-label=\"pixel perfect leskovac\"\n\t\t\t><\/iframe>\n\t\t<\/div>\n\t\t\t\t\t\t<\/div>\n\t\t\t\t<\/div>\n\t\t\t\t<\/div>\n\t\t\t\t<\/div>\n\t\t","protected":false},"excerpt":{"rendered":"<p>KONTAKT Radno vreme Svakog radnog dana od 08h &#8211; 16h. Vikendom ne radimo Telefon +381 (0) 63 42 32 42 Adresa Leskovac, ul. Vojvode Mi\u0161i\u0107a br. 7 PIB i MAT. BR. PIB: 108705851 MAT. BR. 108705851 \u0160ifra delatnosti 7111 &#8211; Arhitektonska delatnost Ukoliko imate pitanja, interesuje vas cena na\u0161e usluge \u010cesto postavljana pitanja Koja je [&hellip;]<\/p>\n","protected":false},"author":1,"featured_media":0,"parent":0,"menu_order":0,"comment_status":"closed","ping_status":"closed","template":"elementor_header_footer","meta":{"footnotes":""},"class_list":["post-1126","page","type-page","status-publish","hentry"],"blocksy_meta":[],"_links":{"self":[{"href":"https:\/\/pixelperfect.rs\/pixelpre\/wp-json\/wp\/v2\/pages\/1126","targetHints":{"allow":["GET"]}}],"collection":[{"href":"https:\/\/pixelperfect.rs\/pixelpre\/wp-json\/wp\/v2\/pages"}],"about":[{"href":"https:\/\/pixelperfect.rs\/pixelpre\/wp-json\/wp\/v2\/types\/page"}],"author":[{"embeddable":true,"href":"https:\/\/pixelperfect.rs\/pixelpre\/wp-json\/wp\/v2\/users\/1"}],"replies":[{"embeddable":true,"href":"https:\/\/pixelperfect.rs\/pixelpre\/wp-json\/wp\/v2\/comments?post=1126"}],"version-history":[{"count":67,"href":"https:\/\/pixelperfect.rs\/pixelpre\/wp-json\/wp\/v2\/pages\/1126\/revisions"}],"predecessor-version":[{"id":1440,"href":"https:\/\/pixelperfect.rs\/pixelpre\/wp-json\/wp\/v2\/pages\/1126\/revisions\/1440"}],"wp:attachment":[{"href":"https:\/\/pixelperfect.rs\/pixelpre\/wp-json\/wp\/v2\/media?parent=1126"}],"curies":[{"name":"wp","href":"https:\/\/api.w.org\/{rel}","templated":true}]}}